{"id":1407,"date":"2020-09-08T10:39:46","date_gmt":"2020-09-08T08:39:46","guid":{"rendered":"http:\/\/vert-y-pratic.fr\/?post_type=product&#038;p=1407"},"modified":"2020-09-08T10:40:43","modified_gmt":"2020-09-08T08:40:43","slug":"chou-vert-frise-demi-bio","status":"publish","type":"product","link":"https:\/\/vert-y-pratic.fr\/index.php\/produit\/chou-vert-frise-demi-bio\/","title":{"rendered":"Chou vert fris\u00e9 demi BIO"},"content":{"rendered":"<p>[et_pb_section fb_built=\u00a0\u00bb1&Prime; make_equal=\u00a0\u00bbon\u00a0\u00bb use_custom_gutter=\u00a0\u00bbon\u00a0\u00bb specialty=\u00a0\u00bbon\u00a0\u00bb _builder_version=\u00a0\u00bb4.6.1&Prime; _module_preset=\u00a0\u00bbdefault\u00a0\u00bb custom_padding=\u00a0\u00bb60px||0px|||\u00a0\u00bb][et_pb_column type=\u00a0\u00bb1_2&Prime; _builder_version=\u00a0\u00bb3.25&Prime; custom_padding=\u00a0\u00bb|||\u00a0\u00bb custom_padding__hover=\u00a0\u00bb|||\u00a0\u00bb][et_pb_wc_images _builder_version=\u00a0\u00bb4.6.1&Prime; _module_preset=\u00a0\u00bbdefault\u00a0\u00bb custom_padding=\u00a0\u00bb|80px|||false|false\u00a0\u00bb][\/et_pb_wc_images][\/et_pb_column][et_pb_column type=\u00a0\u00bb1_2&Prime; specialty_columns=\u00a0\u00bb2&Prime; _builder_version=\u00a0\u00bb3.25&Prime; custom_padding=\u00a0\u00bb|||\u00a0\u00bb custom_padding__hover=\u00a0\u00bb|||\u00a0\u00bb][et_pb_row_inner _builder_version=\u00a0\u00bb4.6.1&Prime; _module_preset=\u00a0\u00bbdefault\u00a0\u00bb custom_padding=\u00a0\u00bb||0px|||\u00a0\u00bb][et_pb_column_inner saved_specialty_column_type=\u00a0\u00bb1_2&Prime; _builder_version=\u00a0\u00bb4.6.1&Prime; _module_preset=\u00a0\u00bbdefault\u00a0\u00bb][et_pb_wc_title _builder_version=\u00a0\u00bb4.6.1&Prime; header_font=\u00a0\u00bbAmatic SC||||||||\u00a0\u00bb header_font_size=\u00a0\u00bb46px\u00a0\u00bb custom_margin=\u00a0\u00bb||||false|false\u00a0\u00bb locked=\u00a0\u00bboff\u00a0\u00bb][\/et_pb_wc_title][\/et_pb_column_inner][\/et_pb_row_inner][et_pb_row_inner _builder_version=\u00a0\u00bb4.6.1&Prime; _module_preset=\u00a0\u00bbdefault\u00a0\u00bb custom_padding=\u00a0\u00bb15px||0px||false|false\u00a0\u00bb][et_pb_column_inner saved_specialty_column_type=\u00a0\u00bb1_2&Prime; _builder_version=\u00a0\u00bb4.6.1&Prime; _module_preset=\u00a0\u00bbdefault\u00a0\u00bb][et_pb_text _builder_version=\u00a0\u00bb4.6.1&Prime; _module_preset=\u00a0\u00bbdefault\u00a0\u00bb text_font=\u00a0\u00bb|600||on|||||\u00a0\u00bb text_font_size=\u00a0\u00bb12px\u00a0\u00bb custom_margin=\u00a0\u00bb20px||20px||true|false\u00a0\u00bb]<\/p>\n<p><img loading=\"lazy\" src=\"http:\/\/vert-y-pratic.fr\/wp-content\/uploads\/2020\/09\/pastille-petit-chef.png\" width=\"75\" height=\"75\" alt=\"\" class=\"wp-image-969 alignnone size-full\" srcset=\"https:\/\/vert-y-pratic.fr\/wp-content\/uploads\/2020\/09\/pastille-petit-chef.png 200w, https:\/\/vert-y-pratic.fr\/wp-content\/uploads\/2020\/09\/pastille-petit-chef-150x150.png 150w, https:\/\/vert-y-pratic.fr\/wp-content\/uploads\/2020\/09\/pastille-petit-chef-100x100.png 100w\" sizes=\"(max-width: 75px) 100vw, 75px\" \/>\u00a0 \u00a0\u00a0<img loading=\"lazy\" src=\"http:\/\/vert-y-pratic.fr\/wp-content\/uploads\/2020\/09\/Bio-big.png\" width=\"75\" height=\"75\" alt=\"\" class=\"wp-image-1016 alignnone size-full\" srcset=\"https:\/\/vert-y-pratic.fr\/wp-content\/uploads\/2020\/09\/Bio-big.png 200w, https:\/\/vert-y-pratic.fr\/wp-content\/uploads\/2020\/09\/Bio-big-150x150.png 150w, https:\/\/vert-y-pratic.fr\/wp-content\/uploads\/2020\/09\/Bio-big-100x100.png 100w\" sizes=\"(max-width: 75px) 100vw, 75px\" \/>\u00a0 \u00a0<img loading=\"lazy\" src=\"http:\/\/vert-y-pratic.fr\/wp-content\/uploads\/2020\/09\/pret-a-creer-gris-300x300.png\" width=\"75\" height=\"75\" alt=\"\" class=\"wp-image-1119 alignnone size-medium\" \/><\/p>\n<p>[\/et_pb_text][\/et_pb_column_inner][\/et_pb_row_inner][et_pb_row_inner _builder_version=\u00a0\u00bb4.6.1&Prime; _module_preset=\u00a0\u00bbdefault\u00a0\u00bb custom_margin=\u00a0\u00bb||||false|false\u00a0\u00bb custom_padding=\u00a0\u00bb0px||0px||false|false\u00a0\u00bb][et_pb_column_inner saved_specialty_column_type=\u00a0\u00bb1_2&Prime; _builder_version=\u00a0\u00bb4.6.1&Prime; _module_preset=\u00a0\u00bbdefault\u00a0\u00bb][et_pb_wc_description description_type=\u00a0\u00bbdescription\u00a0\u00bb _builder_version=\u00a0\u00bb4.6.1&Prime; _module_preset=\u00a0\u00bbdefault\u00a0\u00bb body_font=\u00a0\u00bb|||on|||||\u00a0\u00bb body_font_size=\u00a0\u00bb12px\u00a0\u00bb body_letter_spacing=\u00a0\u00bb1px\u00a0\u00bb custom_margin=\u00a0\u00bb|80px|30px||false|false\u00a0\u00bb][\/et_pb_wc_description][et_pb_text _builder_version=\u00a0\u00bb4.6.1&Prime; _module_preset=\u00a0\u00bbdefault\u00a0\u00bb text_font=\u00a0\u00bb|||on|||||\u00a0\u00bb text_font_size=\u00a0\u00bb12px\u00a0\u00bb text_letter_spacing=\u00a0\u00bb1px\u00a0\u00bb custom_margin=\u00a0\u00bb||30px||false|false\u00a0\u00bb]<\/p>\n<p>A conserver entre +1\u00b0C et +4\u00b0C.<br \/> A consommer 24h apr\u00e8s ouverture.<\/p>\n<p>[\/et_pb_text][\/et_pb_column_inner][\/et_pb_row_inner][et_pb_row_inner _builder_version=\u00a0\u00bb4.6.1&Prime; _module_preset=\u00a0\u00bbdefault\u00a0\u00bb custom_padding=\u00a0\u00bb0px|||||\u00a0\u00bb][et_pb_column_inner saved_specialty_column_type=\u00a0\u00bb1_2&Prime; _builder_version=\u00a0\u00bb4.6.1&Prime; _module_preset=\u00a0\u00bbdefault\u00a0\u00bb][et_pb_text _builder_version=\u00a0\u00bb4.6.1&Prime; _module_preset=\u00a0\u00bbdefault\u00a0\u00bb]<\/p>\n<p><img loading=\"lazy\" src=\"http:\/\/vert-y-pratic.fr\/wp-content\/uploads\/2020\/09\/icone-sans-conservateurs-2-150x150.png\" width=\"120\" height=\"120\" alt=\"\" class=\"wp-image-1126 alignnone size-thumbnail\" \/>\u00a0 \u00a0\u00a0<img loading=\"lazy\" src=\"http:\/\/vert-y-pratic.fr\/wp-content\/uploads\/2020\/09\/icones-prepare-france-150x150.png\" width=\"120\" height=\"120\" alt=\"\" class=\"wp-image-1130 alignnone size-thumbnail\" \/>\u00a0 \u00a0\u00a0<img loading=\"lazy\" src=\"http:\/\/vert-y-pratic.fr\/wp-content\/uploads\/2020\/09\/icones-recyclable-150x150.png\" width=\"120\" height=\"120\" alt=\"\" class=\"wp-image-1178 alignnone size-thumbnail\" \/><\/p>\n<p>[\/et_pb_text][\/et_pb_column_inner][\/et_pb_row_inner][et_pb_row_inner _builder_version=\u00a0\u00bb4.6.1&Prime; _module_preset=\u00a0\u00bbdefault\u00a0\u00bb custom_padding=\u00a0\u00bb0px|||||\u00a0\u00bb][et_pb_column_inner saved_specialty_column_type=\u00a0\u00bb1_2&Prime; _builder_version=\u00a0\u00bb4.6.1&Prime; _module_preset=\u00a0\u00bbdefault\u00a0\u00bb][et_pb_text _builder_version=\u00a0\u00bb4.6.1&Prime; _module_preset=\u00a0\u00bbdefault\u00a0\u00bb text_font=\u00a0\u00bb|||on|||||\u00a0\u00bb text_font_size=\u00a0\u00bb12px\u00a0\u00bb text_letter_spacing=\u00a0\u00bb1px\u00a0\u00bb custom_margin=\u00a0\u00bb||20px||false|false\u00a0\u00bb]<\/p>\n<p>Ingr\u00e9dients : 100% past\u00e8que sans p\u00e9pins<br \/> MOYENNE POUR 100G<br \/> COMPOSITION INDICATIVE<br \/> <strong>VALEUR \u00c9NERG\u00c9TIQUE : 79.1 KJ (SOIT 19 KCAL)<\/strong><\/p>\n<p>[\/et_pb_text][et_pb_toggle title=\u00a0\u00bbCaract\u00e9ristiques nutritionnelles &#8211; Vitamines &#038; min\u00e9raux\u00a0\u00bb closed_toggle_background_color=\u00a0\u00bb#ffffff\u00a0\u00bb icon_color=\u00a0\u00bb#f26e62&Prime; _builder_version=\u00a0\u00bb4.6.1&Prime; _module_preset=\u00a0\u00bbdefault\u00a0\u00bb title_level=\u00a0\u00bbh1&Prime; title_font=\u00a0\u00bbAmatic SC||||||||\u00a0\u00bb]<\/p>\n<p>&nbsp;<\/p>\n<table border=\"0\" cellspacing=\"0\" style=\"width: 100%; margin-left: auto; margin-right: auto;\">\n<tbody>\n<tr>\n<td style=\"width: 262px;\"><strong>GLUCIDES<\/strong><br \/> <span style=\"color: #9fcc47;\"><strong>2.6 \/g<\/strong><\/span><\/td>\n<td style=\"width: 259px;\"><strong>PROTIDES<\/strong><br \/> <span style=\"color: #9fcc47;\"><strong>2.6 \/g<\/strong><\/span><\/td>\n<td style=\"width: 207px;\"><strong>LIPIDES<\/strong><br \/> <span style=\"color: #9fcc47;\"><strong>2.6 \/g<\/strong><\/span><\/td>\n<\/tr>\n<tr>\n<td style=\"width: 262px;\"><strong>EAU<\/strong><br \/> <span style=\"color: #9fcc47;\"><strong>93 \/g<\/strong><\/span><\/td>\n<td style=\"width: 259px;\"><strong>FIBRES<\/strong><br \/> <span style=\"color: #9fcc47;\"><strong>2.8 \/g<\/strong><\/span><\/td>\n<td style=\"width: 207px;\"><\/td>\n<\/tr>\n<tr>\n<td style=\"width: 262px;\"><strong>PRO A<br \/> <span style=\"color: #9fcc47;\">2.6 \/g<\/span><\/strong><\/td>\n<td style=\"width: 259px;\"><strong>VIT. C<br \/> <span style=\"color: #9fcc47;\">2.6 \/g<\/span><\/strong><\/td>\n<td style=\"width: 207px;\"><strong>VIT. E<\/strong><br \/> <span style=\"color: #9fcc47;\"><strong>2.6 \/g<\/strong><\/span><\/td>\n<\/tr>\n<tr>\n<td style=\"width: 262px;\"><strong>CALCIUM<br \/> <span style=\"color: #9fcc47;\">2.6 \/g<\/span><\/strong><\/td>\n<td style=\"width: 259px;\"><strong>MAGNESIUM<br \/> <span style=\"color: #9fcc47;\">2.6 \/g<\/span><\/strong><\/td>\n<td style=\"width: 207px;\"><strong>SODIUM<\/strong><br \/> <span style=\"color: #9fcc47;\"><strong>2.6 \/g<\/strong><\/span><\/td>\n<\/tr>\n<\/tbody>\n<\/table>\n<p>[\/et_pb_toggle][\/et_pb_column_inner][\/et_pb_row_inner][et_pb_row_inner _builder_version=\u00a0\u00bb4.6.1&Prime; _module_preset=\u00a0\u00bbdefault\u00a0\u00bb custom_padding=\u00a0\u00bb0px||21px|||\u00a0\u00bb][et_pb_column_inner saved_specialty_column_type=\u00a0\u00bb1_2&Prime; _builder_version=\u00a0\u00bb4.6.1&Prime; _module_preset=\u00a0\u00bbdefault\u00a0\u00bb][et_pb_text _builder_version=\u00a0\u00bb4.6.1&Prime; _module_preset=\u00a0\u00bbdefault\u00a0\u00bb text_font=\u00a0\u00bbAmatic SC||||||||\u00a0\u00bb text_font_size=\u00a0\u00bb40px\u00a0\u00bb text_orientation=\u00a0\u00bbcenter\u00a0\u00bb]<\/p>\n<p>&#8211; Existe en &#8211;<\/p>\n<p>[\/et_pb_text][\/et_pb_column_inner][\/et_pb_row_inner][et_pb_row_inner column_structure=\u00a0\u00bb1_3,1_3,1_3&Prime; _builder_version=\u00a0\u00bb4.6.1&Prime; _module_preset=\u00a0\u00bbdefault\u00a0\u00bb][et_pb_column_inner type=\u00a0\u00bb1_3&Prime; saved_specialty_column_type=\u00a0\u00bb1_2&Prime; _builder_version=\u00a0\u00bb4.6.1&Prime; _module_preset=\u00a0\u00bbdefault\u00a0\u00bb][et_pb_image src=\u00a0\u00bbhttp:\/\/vert-y-pratic.fr\/wp-content\/uploads\/2019\/04\/carottes-rappees-150&#215;150.jpg\u00a0\u00bb title_text=\u00a0\u00bbcarottes-rappees\u00a0\u00bb align=\u00a0\u00bbcenter\u00a0\u00bb _builder_version=\u00a0\u00bb4.6.1&Prime; _module_preset=\u00a0\u00bbdefault\u00a0\u00bb custom_margin=\u00a0\u00bb||20px||false|false\u00a0\u00bb][\/et_pb_image][et_pb_text _builder_version=\u00a0\u00bb4.6.1&Prime; _module_preset=\u00a0\u00bbdefault\u00a0\u00bb text_font=\u00a0\u00bbAmatic SC||||||||\u00a0\u00bb text_font_size=\u00a0\u00bb29px\u00a0\u00bb text_orientation=\u00a0\u00bbcenter\u00a0\u00bb]<\/p>\n<p>50 gr.<\/p>\n<p>[\/et_pb_text][\/et_pb_column_inner][et_pb_column_inner type=\u00a0\u00bb1_3&Prime; saved_specialty_column_type=\u00a0\u00bb1_2&Prime; _builder_version=\u00a0\u00bb4.6.1&Prime; _module_preset=\u00a0\u00bbdefault\u00a0\u00bb][et_pb_image src=\u00a0\u00bbhttp:\/\/vert-y-pratic.fr\/wp-content\/uploads\/2019\/04\/carottes-rappees-150&#215;150.jpg\u00a0\u00bb title_text=\u00a0\u00bbcarottes-rappees\u00a0\u00bb align=\u00a0\u00bbcenter\u00a0\u00bb _builder_version=\u00a0\u00bb4.6.1&Prime; _module_preset=\u00a0\u00bbdefault\u00a0\u00bb custom_margin=\u00a0\u00bb||20px||false|false\u00a0\u00bb][\/et_pb_image][et_pb_text _builder_version=\u00a0\u00bb4.6.1&Prime; _module_preset=\u00a0\u00bbdefault\u00a0\u00bb text_font=\u00a0\u00bbAmatic SC||||||||\u00a0\u00bb text_font_size=\u00a0\u00bb29px\u00a0\u00bb text_orientation=\u00a0\u00bbcenter\u00a0\u00bb]<\/p>\n<p>150 gr.<\/p>\n<p>[\/et_pb_text][\/et_pb_column_inner][et_pb_column_inner type=\u00a0\u00bb1_3&Prime; saved_specialty_column_type=\u00a0\u00bb1_2&Prime; _builder_version=\u00a0\u00bb4.6.1&Prime; _module_preset=\u00a0\u00bbdefault\u00a0\u00bb][et_pb_image src=\u00a0\u00bbhttp:\/\/vert-y-pratic.fr\/wp-content\/uploads\/2019\/04\/carottes-rappees-150&#215;150.jpg\u00a0\u00bb title_text=\u00a0\u00bbcarottes-rappees\u00a0\u00bb align=\u00a0\u00bbcenter\u00a0\u00bb _builder_version=\u00a0\u00bb4.6.1&Prime; _module_preset=\u00a0\u00bbdefault\u00a0\u00bb custom_margin=\u00a0\u00bb||20px||false|false\u00a0\u00bb][\/et_pb_image][et_pb_text _builder_version=\u00a0\u00bb4.6.1&Prime; _module_preset=\u00a0\u00bbdefault\u00a0\u00bb text_font=\u00a0\u00bbAmatic SC||||||||\u00a0\u00bb text_font_size=\u00a0\u00bb29px\u00a0\u00bb text_orientation=\u00a0\u00bbcenter\u00a0\u00bb]<\/p>\n<p>220 gr.<\/p>\n<p>[\/et_pb_text][\/et_pb_column_inner][\/et_pb_row_inner][\/et_pb_column][\/et_pb_section][et_pb_section fb_built=\u00a0\u00bb1&Prime; _builder_version=\u00a0\u00bb4.6.1&Prime; _module_preset=\u00a0\u00bbdefault\u00a0\u00bb custom_padding=\u00a0\u00bb120px|||||\u00a0\u00bb][et_pb_row _builder_version=\u00a0\u00bb4.6.1&Prime; _module_preset=\u00a0\u00bbdefault\u00a0\u00bb][et_pb_column type=\u00a0\u00bb4_4&Prime; _builder_version=\u00a0\u00bb4.6.1&Prime; _module_preset=\u00a0\u00bbdefault\u00a0\u00bb][et_pb_text _builder_version=\u00a0\u00bb4.6.1&Prime; _module_preset=\u00a0\u00bbdefault\u00a0\u00bb text_font=\u00a0\u00bbAmatic SC||||||||\u00a0\u00bb text_font_size=\u00a0\u00bb50px\u00a0\u00bb text_orientation=\u00a0\u00bbcenter\u00a0\u00bb custom_margin=\u00a0\u00bb||60px||false|false\u00a0\u00bb]<\/p>\n<p>&#8211; Dans la m\u00eame gamme &#8211;<\/p>\n<p>[\/et_pb_text][et_pb_shop type=\u00a0\u00bbproduct_category\u00a0\u00bb posts_number=\u00a0\u00bb20&Prime; include_categories=\u00a0\u00bb36&Prime; columns_number=\u00a0\u00bb4&Prime; icon_hover_color=\u00a0\u00bb#f26e62&Prime; _builder_version=\u00a0\u00bb4.6.1&Prime; _module_preset=\u00a0\u00bbdefault\u00a0\u00bb title_font=\u00a0\u00bbAmatic SC||||||||\u00a0\u00bb title_text_align=\u00a0\u00bbcenter\u00a0\u00bb title_font_size=\u00a0\u00bb30px\u00a0\u00bb][\/et_pb_shop][\/et_pb_column][\/et_pb_row][\/et_pb_section]<\/p>\n","protected":false},"excerpt":{"rendered":"<p>[et_pb_section fb_built=\u00a0\u00bb1&Prime; make_equal=\u00a0\u00bbon\u00a0\u00bb use_custom_gutter=\u00a0\u00bbon\u00a0\u00bb specialty=\u00a0\u00bbon\u00a0\u00bb _builder_version=\u00a0\u00bb4.6.1&Prime; _module_preset=\u00a0\u00bbdefault\u00a0\u00bb custom_padding=\u00a0\u00bb60px||0px|||\u00a0\u00bb][et_pb_column type=\u00a0\u00bb1_2&Prime; _builder_version=\u00a0\u00bb3.25&Prime; custom_padding=\u00a0\u00bb|||\u00a0\u00bb custom_padding__hover=\u00a0\u00bb|||\u00a0\u00bb][et_pb_wc_images _builder_version=\u00a0\u00bb4.6.1&Prime; _module_preset=\u00a0\u00bbdefault\u00a0\u00bb custom_padding=\u00a0\u00bb|80px|||false|false\u00a0\u00bb][\/et_pb_wc_images][\/et_pb_column][et_pb_column type=\u00a0\u00bb1_2&Prime; specialty_columns=\u00a0\u00bb2&Prime; _builder_version=\u00a0\u00bb3.25&Prime; custom_padding=\u00a0\u00bb|||\u00a0\u00bb custom_padding__hover=\u00a0\u00bb|||\u00a0\u00bb][et_pb_row_inner _builder_version=\u00a0\u00bb4.6.1&Prime; _module_preset=\u00a0\u00bbdefault\u00a0\u00bb custom_padding=\u00a0\u00bb||0px|||\u00a0\u00bb][et_pb_column_inner saved_specialty_column_type=\u00a0\u00bb1_2&Prime; _builder_version=\u00a0\u00bb4.6.1&Prime; _module_preset=\u00a0\u00bbdefault\u00a0\u00bb][et_pb_wc_title _builder_version=\u00a0\u00bb4.6.1&Prime; header_font=\u00a0\u00bbAmatic SC||||||||\u00a0\u00bb header_font_size=\u00a0\u00bb46px\u00a0\u00bb custom_margin=\u00a0\u00bb||||false|false\u00a0\u00bb locked=\u00a0\u00bboff\u00a0\u00bb][\/et_pb_wc_title][\/et_pb_column_inner][\/et_pb_row_inner][et_pb_row_inner _builder_version=\u00a0\u00bb4.6.1&Prime; _module_preset=\u00a0\u00bbdefault\u00a0\u00bb custom_padding=\u00a0\u00bb15px||0px||false|false\u00a0\u00bb][et_pb_column_inner saved_specialty_column_type=\u00a0\u00bb1_2&Prime; _builder_version=\u00a0\u00bb4.6.1&Prime; _module_preset=\u00a0\u00bbdefault\u00a0\u00bb][et_pb_text _builder_version=\u00a0\u00bb4.6.1&Prime; _module_preset=\u00a0\u00bbdefault\u00a0\u00bb text_font=\u00a0\u00bb|600||on|||||\u00a0\u00bb text_font_size=\u00a0\u00bb12px\u00a0\u00bb custom_margin=\u00a0\u00bb20px||20px||true|false\u00a0\u00bb] \u00a0 \u00a0\u00a0\u00a0 \u00a0 [\/et_pb_text][\/et_pb_column_inner][\/et_pb_row_inner][et_pb_row_inner _builder_version=\u00a0\u00bb4.6.1&Prime; _module_preset=\u00a0\u00bbdefault\u00a0\u00bb custom_margin=\u00a0\u00bb||||false|false\u00a0\u00bb custom_padding=\u00a0\u00bb0px||0px||false|false\u00a0\u00bb][et_pb_column_inner saved_specialty_column_type=\u00a0\u00bb1_2&Prime; _builder_version=\u00a0\u00bb4.6.1&Prime; _module_preset=\u00a0\u00bbdefault\u00a0\u00bb][et_pb_wc_description description_type=\u00a0\u00bbdescription\u00a0\u00bb [&hellip;]<\/p>\n","protected":false},"featured_media":1218,"template":"","meta":{"_et_pb_use_builder":"on","_et_pb_old_content":"Lorem ipsum dolor sit amet, consectetur adipiscing elit, sed do eiusmod tempor incididunt ut labore et dolore magna aliqua.","_et_gb_content_width":""},"_links":{"self":[{"href":"https:\/\/vert-y-pratic.fr\/index.php\/wp-json\/wp\/v2\/product\/1407"}],"collection":[{"href":"https:\/\/vert-y-pratic.fr\/index.php\/wp-json\/wp\/v2\/product"}],"about":[{"href":"https:\/\/vert-y-pratic.fr\/index.php\/wp-json\/wp\/v2\/types\/product"}],"wp:featuredmedia":[{"embeddable":true,"href":"https:\/\/vert-y-pratic.fr\/index.php\/wp-json\/wp\/v2\/media\/1218"}],"wp:attachment":[{"href":"https:\/\/vert-y-pratic.fr\/index.php\/wp-json\/wp\/v2\/media?parent=1407"}],"curies":[{"name":"wp","href":"https:\/\/api.w.org\/{rel}","templated":true}]}}